{"id":556,"date":"2018-08-08T15:52:16","date_gmt":"2018-08-08T13:52:16","guid":{"rendered":"https:\/\/b-foncier.vaadigm.xyz\/?page_id=556"},"modified":"2019-03-28T15:34:06","modified_gmt":"2019-03-28T14:34:06","slug":"fonctionnement","status":"publish","type":"page","link":"https:\/\/b-foncier.vaadigm.xyz\/en\/fonctionnement\/","title":{"rendered":"Functioning"},"content":{"rendered":"<p class=\"chapo\" style=\"text-align: left;\">As a credit institution authorised to act as a financial company\/soci\u00e9t\u00e9 de cr\u00e9dit foncier (SCF), Compagnie de Financement Foncier performs specialised operations in connection with its exclusive purpose:<\/p>\n<p style=\"text-align: left;\">Granting or acquiring assets from public authorities or those that are fully secured by them. These assets satisfy the eligibility criteria defined by the law on SCF.<\/p>\n<a href=\"\/legal-safeguards\/\" class=\"bton bgcolor3\">For more information<\/a>\n<div class=\"separate\"><\/div>\n<p style=\"text-align: left;\">These loans are financed by issuing debt secured by a statutory privileged claim to asset cash flows.<\/p>\n<a href=\"\/financial-safeguards\/\" class=\"bton bgcolor3\">For more information<\/a>\n<div class=\"separate\"><\/div>\n<p style=\"text-align: left;\">This activity is realized with compliance to rigorous risk-management rules and certify the highest level of quality and security.<\/p>\n<a href=\"\/rated\/\" class=\"bton bgcolor3\">For more information<\/a>\n","protected":false},"excerpt":{"rendered":"<p>As a credit institution authorised to act as a financial company\/soci\u00e9t\u00e9 de cr\u00e9dit foncier (SCF), Compagnie de Financement Foncier performs specialised operations in connection with its exclusive purpose: Granting or acquiring assets from public authorities or those that are fully secured by them. These assets satisfy the eligibility criteria defined by the law on SCF. [&hellip;]<\/p>\n","protected":false},"author":2,"featured_media":108,"parent":0,"menu_order":0,"comment_status":"closed","ping_status":"closed","template":"","meta":{"_acf_changed":false,"footnotes":""},"class_list":["post-556","page","type-page","status-publish","has-post-thumbnail","hentry"],"acf":[],"_links":{"self":[{"href":"https:\/\/b-foncier.vaadigm.xyz\/en\/wp-json\/wp\/v2\/pages\/556","targetHints":{"allow":["GET"]}}],"collection":[{"href":"https:\/\/b-foncier.vaadigm.xyz\/en\/wp-json\/wp\/v2\/pages"}],"about":[{"href":"https:\/\/b-foncier.vaadigm.xyz\/en\/wp-json\/wp\/v2\/types\/page"}],"author":[{"embeddable":true,"href":"https:\/\/b-foncier.vaadigm.xyz\/en\/wp-json\/wp\/v2\/users\/2"}],"replies":[{"embeddable":true,"href":"https:\/\/b-foncier.vaadigm.xyz\/en\/wp-json\/wp\/v2\/comments?post=556"}],"version-history":[{"count":3,"href":"https:\/\/b-foncier.vaadigm.xyz\/en\/wp-json\/wp\/v2\/pages\/556\/revisions"}],"predecessor-version":[{"id":2600,"href":"https:\/\/b-foncier.vaadigm.xyz\/en\/wp-json\/wp\/v2\/pages\/556\/revisions\/2600"}],"wp:featuredmedia":[{"embeddable":true,"href":"https:\/\/b-foncier.vaadigm.xyz\/en\/wp-json\/wp\/v2\/media\/108"}],"wp:attachment":[{"href":"https:\/\/b-foncier.vaadigm.xyz\/en\/wp-json\/wp\/v2\/media?parent=556"}],"curies":[{"name":"wp","href":"https:\/\/api.w.org\/{rel}","templated":true}]}}