{"id":521,"date":"2018-08-08T12:14:06","date_gmt":"2018-08-08T10:14:06","guid":{"rendered":"https:\/\/b-foncier.vaadigm.xyz\/?page_id=521"},"modified":"2022-04-26T13:43:55","modified_gmt":"2022-04-26T11:43:55","slug":"positioning","status":"publish","type":"page","link":"https:\/\/b-foncier.vaadigm.xyz\/en\/positioning\/","title":{"rendered":"Positioning"},"content":{"rendered":"<p class=\"chapo\" style=\"text-align: left;\">Groupe BPCE, created in July 2009, is the result of the merger of Caisse Nationale des Caisses d&#8217;Epargnes&#8217; central institution (CNCE) with the Banque F\u00e9d\u00e9rale des Banques Populaires&#8217; central institution (BFBP).<\/p>\n<p>Cr\u00e9dit Foncier, of which Compagnie de Financement Foncier is a fully-owned subsidiary, is directly owned by BPCE.<\/p>\n<p>Compagnie de Financement Foncier, as Cr\u00e9dit Foncier de France, is affiliated with BPCE (Article L.511-31 of the French Monetary and Financial Code)<\/p>\n<a name=\"anc-69e60bb32835d\" class=\"space size1\" data-attr=\"1\"><\/a>\n<h4>Organization chart of Groupe BPCE as of December 31, 2021<\/h4>\n\n<p><img loading=\"lazy\" decoding=\"async\" class=\"wp-image-4167 aligncenter\" src=\"https:\/\/backoffice-foncier.prd.mycloud.intrabpce.fr\/fcontent\/uploads\/2022\/04\/Positionement-GB-300x203.png\" alt=\"\" width=\"505\" height=\"342\" srcset=\"https:\/\/b-foncier.vaadigm.xyz\/fcontent\/uploads\/2022\/04\/Positionement-GB-300x203.png 300w, https:\/\/b-foncier.vaadigm.xyz\/fcontent\/uploads\/2022\/04\/Positionement-GB-768x519.png 768w, https:\/\/b-foncier.vaadigm.xyz\/fcontent\/uploads\/2022\/04\/Positionement-GB-255x172.png 255w, https:\/\/b-foncier.vaadigm.xyz\/fcontent\/uploads\/2022\/04\/Positionement-GB-510x345.png 510w, https:\/\/b-foncier.vaadigm.xyz\/fcontent\/uploads\/2022\/04\/Positionement-GB.png 979w\" sizes=\"auto, (max-width: 505px) 100vw, 505px\" \/><\/p>\n\n<a name=\"anc-69e60bb328395\" class=\"space size2\" data-attr=\"2\"><\/a>\n<h4>Focus on the positioning of Compagnie de Financement Foncier<\/h4>\n\n<p><img loading=\"lazy\" decoding=\"async\" class=\"wp-image-4169 aligncenter\" src=\"https:\/\/backoffice-foncier.prd.mycloud.intrabpce.fr\/fcontent\/uploads\/2022\/04\/Organigramme-GB-300x209.png\" alt=\"\" width=\"531\" height=\"371\" srcset=\"https:\/\/b-foncier.vaadigm.xyz\/fcontent\/uploads\/2022\/04\/Organigramme-GB-300x209.png 300w, https:\/\/b-foncier.vaadigm.xyz\/fcontent\/uploads\/2022\/04\/Organigramme-GB-768x535.png 768w, https:\/\/b-foncier.vaadigm.xyz\/fcontent\/uploads\/2022\/04\/Organigramme-GB-255x178.png 255w, https:\/\/b-foncier.vaadigm.xyz\/fcontent\/uploads\/2022\/04\/Organigramme-GB-510x355.png 510w, https:\/\/b-foncier.vaadigm.xyz\/fcontent\/uploads\/2022\/04\/Organigramme-GB.png 1022w\" sizes=\"auto, (max-width: 531px) 100vw, 531px\" \/><\/p>\n\n","protected":false},"excerpt":{"rendered":"<p>Groupe BPCE, created in July 2009, is the result of the merger of Caisse Nationale des Caisses d&#8217;Epargnes&#8217; central institution (CNCE) with the Banque F\u00e9d\u00e9rale des Banques Populaires&#8217; central institution (BFBP). Cr\u00e9dit Foncier, of which Compagnie de Financement Foncier is a fully-owned subsidiary, is directly owned by BPCE. Compagnie de Financement Foncier, as Cr\u00e9dit Foncier [&hellip;]<\/p>\n","protected":false},"author":2,"featured_media":123,"parent":0,"menu_order":0,"comment_status":"closed","ping_status":"closed","template":"","meta":{"_acf_changed":false,"footnotes":""},"class_list":["post-521","page","type-page","status-publish","has-post-thumbnail","hentry"],"acf":[],"_links":{"self":[{"href":"https:\/\/b-foncier.vaadigm.xyz\/en\/wp-json\/wp\/v2\/pages\/521","targetHints":{"allow":["GET"]}}],"collection":[{"href":"https:\/\/b-foncier.vaadigm.xyz\/en\/wp-json\/wp\/v2\/pages"}],"about":[{"href":"https:\/\/b-foncier.vaadigm.xyz\/en\/wp-json\/wp\/v2\/types\/page"}],"author":[{"embeddable":true,"href":"https:\/\/b-foncier.vaadigm.xyz\/en\/wp-json\/wp\/v2\/users\/2"}],"replies":[{"embeddable":true,"href":"https:\/\/b-foncier.vaadigm.xyz\/en\/wp-json\/wp\/v2\/comments?post=521"}],"version-history":[{"count":17,"href":"https:\/\/b-foncier.vaadigm.xyz\/en\/wp-json\/wp\/v2\/pages\/521\/revisions"}],"predecessor-version":[{"id":4172,"href":"https:\/\/b-foncier.vaadigm.xyz\/en\/wp-json\/wp\/v2\/pages\/521\/revisions\/4172"}],"wp:featuredmedia":[{"embeddable":true,"href":"https:\/\/b-foncier.vaadigm.xyz\/en\/wp-json\/wp\/v2\/media\/123"}],"wp:attachment":[{"href":"https:\/\/b-foncier.vaadigm.xyz\/en\/wp-json\/wp\/v2\/media?parent=521"}],"curies":[{"name":"wp","href":"https:\/\/api.w.org\/{rel}","templated":true}]}}